{"id":15,"date":"2024-08-14T08:14:10","date_gmt":"2024-08-14T08:14:10","guid":{"rendered":"https:\/\/landingpage.authkr.com\/?page_id=15"},"modified":"2025-03-14T12:33:04","modified_gmt":"2025-03-14T05:33:04","slug":"home","status":"publish","type":"page","link":"https:\/\/landingpage.authkr.com\/","title":{"rendered":"AuthKR"},"content":{"rendered":"\n<div class=\"wp-block-cover alignfull is-light hestia-clear-top-padding\"><span aria-hidden=\"true\" class=\"wp-block-cover__background has-white-background-color has-background-dim-100 has-background-dim\"><\/span><div class=\"wp-block-cover__inner-container is-layout-flow wp-block-cover-is-layout-flow\">\n<div style=\"height:34px\" aria-hidden=\"true\" class=\"wp-block-spacer\"><\/div>\n\n\n\n<h2 class=\"wp-block-heading has-text-align-center has-black-color has-text-color has-link-color wp-elements-2f7e8aab743282b0d77970166f19571a\" style=\"font-size:32px\">Gi\u1edbi thi\u1ec7u<\/h2>\n\n\n\n<div style=\"height:11px\" aria-hidden=\"true\" class=\"wp-block-spacer\"><\/div>\n\n\n\n<p class=\"container\" style=\"font-size:16px\"><strong>Ch\u00e0o m\u1eebng b\u1ea1n \u0111\u1ebfn v\u1edbi AuthKR.com \u2013 Thi\u00ean \u0111\u01b0\u1eddng th\u1eddi trang h\u00e0ng hi\u1ec7u ch\u00ednh h\u00e3ng!<\/strong><\/p>\n\n\n\n<p>N\u1ebfu b\u1ea1n l\u00e0 ng\u01b0\u1eddi y\u00eau th\u00edch th\u1eddi trang v\u00e0 \u0111am m\u00ea nh\u1eefng th\u01b0\u01a1ng hi\u1ec7u xa x\u1ec9 h\u00e0ng \u0111\u1ea7u th\u1ebf gi\u1edbi, AuthKR.com ch\u00ednh l\u00e0 \u0111i\u1ec3m \u0111\u1ebfn l\u00fd t\u01b0\u1edfng d\u00e0nh cho b\u1ea1n. Ch\u00fang t\u00f4i t\u1ef1 h\u00e0o l\u00e0 \u0111\u1ecba ch\u1ec9 uy t\u00edn h\u00e0ng \u0111\u1ea7u trong l\u0129nh v\u1ef1c b\u00e1n l\u1ebb th\u1eddi trang cao c\u1ea5p, mang \u0111\u1ebfn cho b\u1ea1n nh\u1eefng s\u1ea3n ph\u1ea9m ch\u00ednh h\u00e3ng t\u1eeb nh\u1eefng th\u01b0\u01a1ng hi\u1ec7u \u0111\u00ecnh \u0111\u00e1m nh\u01b0 Gucci, Louis Vuitton, Chanel, Dior, Prada, v\u00e0 nhi\u1ec1u c\u00e1i t\u00ean kh\u00e1c.<\/p>\n\n\n\n<h3 class=\"wp-block-heading\"><strong>T\u1ea1i sao ch\u1ecdn AuthKR.com?<\/strong><\/h3>\n\n\n\n<ol start=\"1\" class=\"wp-block-list\">\n<li><strong>Cam k\u1ebft ch\u00ednh h\u00e3ng 100%<\/strong><br>T\u1ea1i AuthKR.com, ch\u00fang t\u00f4i hi\u1ec3u r\u1eb1ng gi\u00e1 tr\u1ecb c\u1ee7a m\u1ed9t s\u1ea3n ph\u1ea9m h\u00e0ng hi\u1ec7u kh\u00f4ng ch\u1ec9 n\u1eb1m \u1edf thi\u1ebft k\u1ebf \u0111\u1eb3ng c\u1ea5p m\u00e0 c\u00f2n \u1edf ch\u1ea5t l\u01b0\u1ee3ng v\u00e0 \u0111\u1ed9 tin c\u1eady. M\u1ecdi s\u1ea3n ph\u1ea9m t\u1ea1i \u0111\u00e2y \u0111\u1ec1u \u0111\u01b0\u1ee3c nh\u1eadp kh\u1ea9u tr\u1ef1c ti\u1ebfp t\u1eeb c\u00e1c nh\u00e0 ph\u00e2n ph\u1ed1i ch\u00ednh th\u1ee9c, \u0111i k\u00e8m v\u1edbi \u0111\u1ea7y \u0111\u1ee7 ch\u1ee9ng t\u1eeb x\u00e1c th\u1ef1c. B\u1ea1n c\u00f3 th\u1ec3 ho\u00e0n to\u00e0n y\u00ean t\u00e2m v\u1ec1 ngu\u1ed3n g\u1ed1c v\u00e0 ch\u1ea5t l\u01b0\u1ee3ng c\u1ee7a t\u1eebng m\u00f3n \u0111\u1ed3.<\/li>\n\n\n\n<li><strong>B\u1ed9 s\u01b0u t\u1eadp \u0111a d\u1ea1ng, c\u1eadp nh\u1eadt xu h\u01b0\u1edbng m\u1edbi nh\u1ea5t<\/strong><br>AuthKR.com lu\u00f4n c\u1eadp nh\u1eadt nh\u1eefng b\u1ed9 s\u01b0u t\u1eadp m\u1edbi nh\u1ea5t t\u1eeb c\u00e1c th\u01b0\u01a1ng hi\u1ec7u h\u00e0ng \u0111\u1ea7u th\u1ebf gi\u1edbi. D\u00f9 b\u1ea1n \u0111ang t\u00ecm ki\u1ebfm m\u1ed9t chi\u1ebfc t\u00fai x\u00e1ch \u0111\u1eb3ng c\u1ea5p, m\u1ed9t \u0111\u00f4i gi\u00e0y th\u1eddi th\u01b0\u1ee3ng, hay m\u1ed9t b\u1ed9 trang ph\u1ee5c sang tr\u1ecdng, ch\u00fang t\u00f4i \u0111\u1ec1u c\u00f3 th\u1ec3 \u0111\u00e1p \u1ee9ng m\u1ecdi nhu c\u1ea7u c\u1ee7a b\u1ea1n.<\/li>\n\n\n\n<li><strong>Tr\u1ea3i nghi\u1ec7m mua s\u1eafm cao c\u1ea5p<\/strong><br>V\u1edbi giao di\u1ec7n website tinh t\u1ebf, d\u1ec5 d\u00e0ng \u0111i\u1ec1u h\u01b0\u1edbng, c\u00f9ng \u0111\u1ed9i ng\u0169 ch\u0103m s\u00f3c kh\u00e1ch h\u00e0ng chuy\u00ean nghi\u1ec7p, AuthKR.com mang \u0111\u1ebfn cho b\u1ea1n tr\u1ea3i nghi\u1ec7m mua s\u1eafm tr\u1ef1c tuy\u1ebfn \u0111\u1eb3ng c\u1ea5p. Ch\u00fang t\u00f4i lu\u00f4n s\u1eb5n s\u00e0ng t\u01b0 v\u1ea5n v\u00e0 h\u1ed7 tr\u1ee3 b\u1ea1n ch\u1ecdn \u0111\u01b0\u1ee3c s\u1ea3n ph\u1ea9m \u01b0ng \u00fd nh\u1ea5t.<\/li>\n\n\n\n<li><strong>Ch\u00ednh s\u00e1ch h\u1eadu m\u00e3i h\u1ea5p d\u1eabn<\/strong><br>AuthKR.com kh\u00f4ng ch\u1ec9 d\u1eebng l\u1ea1i \u1edf vi\u1ec7c cung c\u1ea5p s\u1ea3n ph\u1ea9m ch\u1ea5t l\u01b0\u1ee3ng m\u00e0 c\u00f2n mang \u0111\u1ebfn nh\u1eefng ch\u00ednh s\u00e1ch h\u1eadu m\u00e3i tuy\u1ec7t v\u1eddi nh\u01b0 b\u1ea3o h\u00e0nh s\u1ea3n ph\u1ea9m, \u0111\u1ed5i tr\u1ea3 linh ho\u1ea1t, v\u00e0 nhi\u1ec1u \u01b0u \u0111\u00e3i h\u1ea5p d\u1eabn d\u00e0nh cho kh\u00e1ch h\u00e0ng th\u00e2n thi\u1ebft.<\/li>\n<\/ol>\n\n\n\n<h3 class=\"wp-block-heading\"><strong>Kh\u00e1m ph\u00e1 th\u1ebf gi\u1edbi th\u1eddi trang \u0111\u1eb3ng c\u1ea5p c\u00f9ng AuthKR.com<\/strong><\/h3>\n\n\n\n<p>Th\u1eddi trang kh\u00f4ng ch\u1ec9 l\u00e0 c\u00e1ch b\u1ea1n \u0103n m\u1eb7c, m\u00e0 c\u00f2n l\u00e0 c\u00e1ch b\u1ea1n th\u1ec3 hi\u1ec7n c\u00e1 t\u00ednh v\u00e0 phong c\u00e1ch s\u1ed1ng. V\u1edbi AuthKR.com, b\u1ea1n s\u1ebd lu\u00f4n t\u1ef1 tin t\u1ecfa s\u00e1ng trong nh\u1eefng b\u1ed9 trang ph\u1ee5c v\u00e0 ph\u1ee5 ki\u1ec7n \u0111\u1eb3ng c\u1ea5p nh\u1ea5t. H\u00e3y kh\u00e1m ph\u00e1 ngay nh\u1eefng b\u1ed9 s\u01b0u t\u1eadp m\u1edbi nh\u1ea5t c\u1ee7a ch\u00fang t\u00f4i v\u00e0 tr\u1edf th\u00e0nh phi\u00ean b\u1ea3n ho\u00e0n h\u1ea3o nh\u1ea5t c\u1ee7a ch\u00ednh m\u00ecnh!<\/p>\n\n\n\n<p class=\"container\" style=\"font-size:16px\"><strong>AuthKR.com \u2013 N\u01a1i th\u1eddi trang cao c\u1ea5p tr\u1edf th\u00e0nh \u0111am m\u00ea!<\/strong><br>H\u00e3y b\u1eaft \u0111\u1ea7u h\u00e0nh tr\u00ecnh mua s\u1eafm c\u1ee7a b\u1ea1n ngay h\u00f4m nay v\u00e0 tr\u1ea3i nghi\u1ec7m s\u1ef1 kh\u00e1c bi\u1ec7t ch\u1ec9 c\u00f3 t\u1ea1i AuthKR<\/p>\n\n\n\n<div style=\"height:46px\" aria-hidden=\"true\" class=\"wp-block-spacer\"><\/div>\n\n\n\n<div class=\"wp-block-columns container is-layout-flex wp-container-core-columns-is-layout-1 wp-block-columns-is-layout-flex\">\n<div class=\"wp-block-column container-class is-layout-flow wp-block-column-is-layout-flow\">\n<figure class=\"wp-block-gallery aligncenter has-nested-images columns-default is-cropped wp-block-gallery-1 is-layout-flex wp-block-gallery-is-layout-flex\">\n<figure class=\"wp-block-image aligncenter size-full\"><img decoding=\"async\" src=\"https:\/\/landingpage.authkr.com\/wp-content\/uploads\/2025\/02\/icon-vision.png\" alt=\"\" class=\"wp-image-69\"\/><\/figure>\n<\/figure>\n\n\n\n<h5 class=\"wp-block-heading has-text-align-center has-black-color has-text-color\" style=\"font-size:22px\">T\u1ea7m nh\u00ecn<\/h5>\n\n\n\n<p class=\"has-text-align-center has-black-color has-text-color\" style=\"font-size:16px\"><\/p>\n\n\n\n<div style=\"height:25px\" aria-hidden=\"true\" class=\"wp-block-spacer\"><\/div>\n<\/div>\n\n\n\n<div class=\"wp-block-column container-class is-layout-flow wp-block-column-is-layout-flow\">\n<figure class=\"wp-block-gallery aligncenter has-nested-images columns-default is-cropped wp-block-gallery-2 is-layout-flex wp-block-gallery-is-layout-flex\">\n<figure class=\"wp-block-image aligncenter size-full\"><img decoding=\"async\" src=\"https:\/\/landingpage.authkr.com\/wp-content\/uploads\/2025\/02\/icon-core-values.png\" alt=\"\" class=\"wp-image-70\"\/><\/figure>\n<\/figure>\n\n\n\n<h5 class=\"wp-block-heading has-text-align-center has-black-color has-text-color\" style=\"font-size:22px\">S\u1ee9 m\u1ec7nh<\/h5>\n\n\n\n<p class=\"has-text-align-center has-black-color has-text-color\" style=\"font-size:16px\"><\/p>\n\n\n\n<div style=\"height:25px\" aria-hidden=\"true\" class=\"wp-block-spacer\"><\/div>\n<\/div>\n\n\n\n<div class=\"wp-block-column container-class is-layout-flow wp-block-column-is-layout-flow\">\n<figure class=\"wp-block-gallery aligncenter has-nested-images columns-default is-cropped wp-block-gallery-3 is-layout-flex wp-block-gallery-is-layout-flex\">\n<figure class=\"wp-block-image aligncenter size-full\"><img decoding=\"async\" src=\"https:\/\/landingpage.authkr.com\/wp-content\/uploads\/2025\/02\/icon-mission.png\" alt=\"\" class=\"wp-image-71\"\/><\/figure>\n<\/figure>\n\n\n\n<h5 class=\"wp-block-heading has-text-align-center has-black-color has-text-color\" style=\"font-size:22px\">Gi\u00e1 tr\u1ecb c\u1ed1t l\u00f5i<\/h5>\n\n\n\n<p class=\"has-text-align-center has-black-color has-text-color\" style=\"font-size:16px\"><\/p>\n\n\n\n<div style=\"height:25px\" aria-hidden=\"true\" class=\"wp-block-spacer\"><\/div>\n<\/div>\n<\/div>\n\n\n\n<div style=\"height:45px\" aria-hidden=\"true\" class=\"wp-block-spacer\"><\/div>\n\n\n\n<h2 class=\"wp-block-heading has-text-align-center has-black-color has-text-color has-link-color wp-elements-fdf235c962c5fdaa6bd7c000b4ea9578\" style=\"font-size:32px\">QU\u00c1 TR\u00ccNH H\u00ccNH TH\u00c0NH V\u00c0 PH\u00c1T TRI\u1ec2N<\/h2>\n<\/div><\/div>\n\n\n\n<figure class=\"wp-block-image alignfull size-full is-style-default\"><img loading=\"lazy\" decoding=\"async\" width=\"329\" height=\"239\" src=\"https:\/\/landingpage.authkr.com\/wp-content\/uploads\/2025\/03\/cropped-z6403213602658_a8f3cf36a191e21c4da2dce8ebab4eab.jpg\" alt=\"\" class=\"wp-image-2001\" srcset=\"https:\/\/landingpage.authkr.com\/wp-content\/uploads\/2025\/03\/cropped-z6403213602658_a8f3cf36a191e21c4da2dce8ebab4eab.jpg 329w, https:\/\/landingpage.authkr.com\/wp-content\/uploads\/2025\/03\/cropped-z6403213602658_a8f3cf36a191e21c4da2dce8ebab4eab-300x218.jpg 300w\" sizes=\"auto, (max-width: 329px) 100vw, 329px\" \/><\/figure>\n\n\n\n<div class=\"wp-block-group alignwide is-content-justification-center is-layout-constrained wp-container-core-group-is-layout-3 wp-block-group-is-layout-constrained\" style=\"margin-top:0px;margin-bottom:0px;padding-top:64px;padding-bottom:64px\">\n<div class=\"wp-block-group is-content-justification-left is-layout-constrained wp-container-core-group-is-layout-1 wp-block-group-is-layout-constrained\" style=\"border-radius:5px\">\n<h2 class=\"wp-block-heading has-text-align-center has-black-color has-text-color has-link-color wp-elements-a474f30ddb51972e473dd4a9c83f4c20\" style=\"font-size:32px\">C\u00e1c th\u01b0\u01a1ng hi\u1ec7u n\u1ed5i b\u1eadt<\/h2>\n<\/div>\n\n\n\n<div style=\"height:34px\" aria-hidden=\"true\" class=\"wp-block-spacer\"><\/div>\n\n\n\n<div class=\"wp-block-group container is-layout-constrained wp-block-group-is-layout-constrained\"><ul class=\"wp-block-latest-posts__list is-grid columns-3 my-project wp-block-latest-posts\"><li><div class=\"wp-block-latest-posts__featured-image aligncenter\"><a href=\"https:\/\/landingpage.authkr.com\/?p=18\" aria-label=\"Appearance guide\"><img loading=\"lazy\" decoding=\"async\" width=\"150\" height=\"150\" src=\"https:\/\/landingpage.authkr.com\/wp-content\/uploads\/2024\/08\/card-blog1-150x150.jpg\" class=\"attachment-thumbnail size-thumbnail wp-post-image\" alt=\"\" style=\"max-width:150px;max-height:150px;\" \/><\/a><\/div><a class=\"wp-block-latest-posts__post-title\" href=\"https:\/\/landingpage.authkr.com\/?p=18\">Appearance guide<\/a><div class=\"wp-block-latest-posts__post-excerpt\">Yet bed any for travelling assistance indulgence unpleasing. Not thoughts all exercise blessing. Indulgence way everything joy alteration boisterous the attachment. Party we years to order allow asked of. We so opinion friends me message as delight. Whole front do of plate heard oh ought. His defective nor convinced residence\u2026 <a class=\"wp-block-latest-posts__read-more\" href=\"https:\/\/landingpage.authkr.com\/?p=18\" rel=\"noopener noreferrer\">\u0110\u1ecdc th\u00eam<span class=\"screen-reader-text\">: Appearance guide <\/span><\/a><\/div><\/li>\n<\/ul><\/div>\n<\/div>\n\n\n\n<div style=\"height:76px\" aria-hidden=\"true\" class=\"wp-block-spacer\"><\/div>\n\n\n\n<div class=\"wp-block-columns alignfull footer-custom has-white-color has-black-background-color has-text-color has-background has-link-color wp-elements-1ec430f922950af833b66f7b220937aa is-layout-flex wp-container-core-columns-is-layout-8 wp-block-columns-is-layout-flex\">\n<div class=\"wp-block-column is-layout-flow wp-block-column-is-layout-flow\">\n<div class=\"wp-block-columns container is-layout-flex wp-container-core-columns-is-layout-2 wp-block-columns-is-layout-flex\">\n<div class=\"wp-block-column is-vertically-aligned-center is-layout-flow wp-block-column-is-layout-flow\" style=\"flex-basis:30%\">\n<figure class=\"wp-block-gallery has-nested-images columns-default is-cropped wp-block-gallery-4 is-layout-flex wp-block-gallery-is-layout-flex\">\n<figure class=\"wp-block-image size-full\"><img loading=\"lazy\" decoding=\"async\" width=\"500\" height=\"500\" src=\"https:\/\/landingpage.authkr.com\/wp-content\/uploads\/2025\/03\/z6403213602658_a8f3cf36a191e21c4da2dce8ebab4eab.jpg\" alt=\"\" class=\"wp-image-2000\" srcset=\"https:\/\/landingpage.authkr.com\/wp-content\/uploads\/2025\/03\/z6403213602658_a8f3cf36a191e21c4da2dce8ebab4eab.jpg 500w, https:\/\/landingpage.authkr.com\/wp-content\/uploads\/2025\/03\/z6403213602658_a8f3cf36a191e21c4da2dce8ebab4eab-300x300.jpg 300w, https:\/\/landingpage.authkr.com\/wp-content\/uploads\/2025\/03\/z6403213602658_a8f3cf36a191e21c4da2dce8ebab4eab-150x150.jpg 150w\" sizes=\"auto, (max-width: 500px) 100vw, 500px\" \/><\/figure>\n<\/figure>\n\n\n\n<p style=\"font-size:20px\"><strong>Authkr.com<\/strong><\/p>\n<\/div>\n\n\n\n<div class=\"wp-block-column is-vertically-aligned-center is-layout-flow wp-block-column-is-layout-flow\" style=\"flex-basis:40%\">\n<p class=\"has-text-color has-link-color wp-elements-f4185653829d69af657a3d1bd3110975\" style=\"color:#ff9f09;font-size:25px\"><strong>\u0110\u0103ng k\u00fd ngay!<\/strong><\/p>\n\n\n\n<p class=\"has-white-color has-text-color has-link-color wp-elements-1e345076d3bbca93d5fe85798e1d2830\" style=\"font-size:15px\">\u0110\u1ec3 l\u1ea1i Email \u0111\u1ec3 nh\u1eadn th\u00f4ng tin m\u1edbi nh\u1ea5t t\u1eeb AuthKR<\/p>\n<\/div>\n\n\n\n<div class=\"wp-block-column is-vertically-aligned-center is-layout-flow wp-block-column-is-layout-flow\" style=\"flex-basis:30%\">\n<div style=\"display: grid; grid-template-columns: 1fr 0.1fr; align-items: center; height: 100px; border: 1px solid black;\">\n    <div style=\"display: flex;align-items: center;border-radius: 24px;padding: 8px 12px;margin-top: 14px;margin-right: 8px;height: 50px;background: white;box-shadow: 0px 4px 6px rgba(0, 0, 0, 0.1);\">\n        <svg xmlns=\"http:\/\/www.w3.org\/2000\/svg\" width=\"20\" height=\"20\" viewBox=\"0 0 24 24\" fill=\"none\" stroke=\"gray\" stroke-width=\"2\" stroke-linecap=\"round\" stroke-linejoin=\"round\" style=\"margin-right: 8px;\">\n            <path d=\"M4 4h16c1.1 0 2 .9 2 2v12c0 1.1-.9 2-2 2H4c-1.1 0-2-.9-2-2V6c0-1.1.9-2 2-2z\"><\/path>\n            <polyline points=\"22,6 12,13 2,6\"><\/polyline>\n        <\/svg>\n        <input type=\"email\" placeholder=\"Email\" style=\"border: none; outline: none; font-size: 16px; background: transparent; width: 200px;padding-top:14px\">\n    <\/div>\n    <svg width=\"45\" height=\"45\" viewBox=\"0 0 40 40\" fill=\"none\" xmlns=\"http:\/\/www.w3.org\/2000\/svg\">\n<rect width=\"40\" height=\"40\" rx=\"20\" fill=\"#FF9F09\"\/>\n<path d=\"M27.5 20L28.2071 19.2929L28.9142 20L28.2071 20.7071L27.5 20ZM12.5 21C11.9477 21 11.5 20.5523 11.5 20C11.5 19.4477 11.9477 19 12.5 19V21ZM22.2071 13.2929L28.2071 19.2929L26.7929 20.7071L20.7929 14.7071L22.2071 13.2929ZM28.2071 20.7071L22.2071 26.7071L20.7929 25.2929L26.7929 19.2929L28.2071 20.7071ZM27.5 21H12.5V19H27.5V21Z\" fill=\"white\"\/>\n<\/svg>\n\n<\/div>\n<\/div>\n<\/div>\n\n\n\n<div style=\"height:27px;;margin:auto;border-top:1px solid #fff\" aria-hidden=\"true\" class=\"wp-block-spacer container\"><\/div>\n\n\n\n<div class=\"wp-block-columns container is-layout-flex wp-container-core-columns-is-layout-3 wp-block-columns-is-layout-flex\">\n<div class=\"wp-block-column is-layout-flow wp-block-column-is-layout-flow\" style=\"flex-basis:35%\">\n<p style=\"font-size:18px\"><strong>Li\u00ean h\u1ec7<\/strong><\/p>\n\n\n\n<p style=\"font-size:15px\"><strong>\u0110\u1ecba ch\u1ec9: <\/strong>000<\/p>\n\n\n\n<p style=\"font-size:15px\"><strong>Email: <\/strong><a href=\"mailto:ausunholding@gmail.com\">authkr.com<\/a><a href=\"mailto:ausunholding@gmail.com\">@gmail.com<\/a><\/p>\n\n\n\n<p style=\"font-size:15px\"><strong>\u0110i\u1ec7n tho\u1ea1i: <\/strong>000000<\/p>\n\n\n\n<p style=\"font-size:15px\"><strong>M\u00e3 s\u1ed1 thu\u1ebf:<\/strong> 000<\/p>\n<\/div>\n\n\n\n<div class=\"wp-block-column is-layout-flow wp-block-column-is-layout-flow\" style=\"flex-basis:20%\">\n<p style=\"font-size:18px\"><strong>AuthKr<\/strong><\/p>\n\n\n\n<p style=\"font-size:15px\">V\u1ec1 ch\u00fang t\u00f4i<\/p>\n\n\n\n<p style=\"font-size:15px\">\u0110\u1ed9i ng\u0169<\/p>\n\n\n\n<p style=\"font-size:15px\">\u0110\u1ed1i t\u00e1c<\/p>\n\n\n\n<p style=\"font-size:15px\">Tuy\u1ec3n d\u1ee5ng<\/p>\n\n\n\n<p style=\"font-size:15px\">Tin t\u1ee9c<\/p>\n<\/div>\n\n\n\n<div class=\"wp-block-column is-layout-flow wp-block-column-is-layout-flow\" style=\"flex-basis:20%\">\n<p style=\"font-size:18px\"><strong>H\u1ed7 tr\u1ee3<\/strong><\/p>\n\n\n\n<p style=\"font-size:15px\">Li\u00ean h\u1ec7<\/p>\n\n\n\n<p style=\"font-size:15px\">Gi\u00fap \u0111\u1ee1 v\u00e0 h\u1ed7 tr\u1ee3<\/p>\n\n\n\n<p style=\"font-size:15px\">D\u00e0nh cho \u0111\u1ed1i t\u00e1c<\/p>\n\n\n\n<p style=\"font-size:15px\">C\u00e1c c\u00e2u h\u1ecfi th\u01b0\u1eddng g\u1eb7p<\/p>\n<\/div>\n\n\n\n<div class=\"wp-block-column is-layout-flow wp-block-column-is-layout-flow\" style=\"flex-basis:15%\">\n<figure class=\"wp-block-image alignright size-full\"><img loading=\"lazy\" decoding=\"async\" width=\"176\" height=\"54\" src=\"https:\/\/uat.ausun.vn\/wp-content\/uploads\/2025\/02\/41af95f9ee99b64f99bcebc0edc9e484.png\" alt=\"\" class=\"wp-image-354\"\/><\/figure>\n<\/div>\n<\/div>\n\n\n\n<div style=\"height:27px;;margin:auto;border-top:1px solid #fff\" aria-hidden=\"true\" class=\"wp-block-spacer container\"><\/div>\n\n\n\n<div class=\"wp-block-columns container is-layout-flex wp-container-core-columns-is-layout-7 wp-block-columns-is-layout-flex\">\n<div class=\"wp-block-column is-layout-flow wp-block-column-is-layout-flow\" style=\"flex-basis:35%\">\n<p class=\"has-text-align-left has-white-color has-text-color\" style=\"font-size:14px\">Copyright \u00a9 2021 AuthKr<\/p>\n\n\n\n<p class=\"has-text-align-left has-white-color has-text-color\" style=\"font-size:14px\"> All Rights Reserved.<\/p>\n<\/div>\n\n\n\n<div class=\"wp-block-column is-layout-flow wp-block-column-is-layout-flow\" style=\"flex-basis:60%\">\n<div class=\"wp-block-columns is-layout-flex wp-container-core-columns-is-layout-6 wp-block-columns-is-layout-flex\">\n<div class=\"wp-block-column is-layout-flow wp-block-column-is-layout-flow\" style=\"flex-basis:66.66%\">\n<div class=\"wp-block-columns is-layout-flex wp-container-core-columns-is-layout-4 wp-block-columns-is-layout-flex\">\n<div class=\"wp-block-column is-vertically-aligned-center is-layout-flow wp-block-column-is-layout-flow\">\n<p class=\"has-white-color has-text-color has-link-color wp-elements-4ae5cf88b9335d982d6a3497ee5538ca\" style=\"font-size:12px\">\u0110i\u1ec1u kho\u1ea3n d\u1ecbch v\u1ee5<\/p>\n<\/div>\n\n\n\n<div class=\"wp-block-column is-vertically-aligned-center is-layout-flow wp-block-column-is-layout-flow\">\n<p class=\"has-white-color has-text-color has-link-color wp-elements-8d4272329a46620cb413653ae0a51896\" style=\"font-size:12px\">Ch\u00ednh s\u00e1ch b\u1ea3o m\u1eadt<\/p>\n<\/div>\n\n\n\n<div class=\"wp-block-column is-vertically-aligned-center is-layout-flow wp-block-column-is-layout-flow\">\n<p class=\"has-white-color has-text-color has-link-color wp-elements-c6ed88f050c77927e0c3445a04968e8c\" style=\"font-size:12px\">Google Data Studio<\/p>\n<\/div>\n<\/div>\n<\/div>\n\n\n\n<div class=\"wp-block-column is-layout-flow wp-block-column-is-layout-flow\" style=\"flex-basis:30%\">\n<div class=\"wp-block-columns container-icon-footer is-layout-flex wp-container-core-columns-is-layout-5 wp-block-columns-is-layout-flex\">\n<div class=\"wp-block-column is-vertically-aligned-top is-layout-flow wp-block-column-is-layout-flow\">\n<figure class=\"wp-block-image aligncenter size-full is-resized img-icon-footer\"><img decoding=\"async\" src=\"https:\/\/uat.ausun.vn\/wp-content\/uploads\/2025\/02\/linkin.png\" alt=\"\" class=\"wp-image-1334\" style=\"width:22px\" title=\"\"\/><\/figure>\n<\/div>\n\n\n\n<div class=\"wp-block-column is-vertically-aligned-top is-layout-flow wp-block-column-is-layout-flow\">\n<figure class=\"wp-block-image aligncenter size-full is-resized\"><img decoding=\"async\" src=\"https:\/\/uat.ausun.vn\/wp-content\/uploads\/2025\/02\/fb.png\" alt=\"\" class=\"wp-image-1333\" style=\"width:22px\"\/><\/figure>\n<\/div>\n\n\n\n<div class=\"wp-block-column is-vertically-aligned-top is-layout-flow wp-block-column-is-layout-flow\">\n<figure class=\"wp-block-image aligncenter size-full is-resized\"><img decoding=\"async\" src=\"https:\/\/uat.ausun.vn\/wp-content\/uploads\/2025\/02\/youtube.png\" alt=\"\" class=\"wp-image-1336\" style=\"width:22px\"\/><\/figure>\n<\/div>\n\n\n\n<div class=\"wp-block-column is-vertically-aligned-top is-layout-flow wp-block-column-is-layout-flow\">\n<figure class=\"wp-block-image aligncenter size-full is-resized\"><img decoding=\"async\" src=\"https:\/\/uat.ausun.vn\/wp-content\/uploads\/2025\/02\/tiktok.png\" alt=\"\" class=\"wp-image-1335\" style=\"width:22px\"\/><\/figure>\n<\/div>\n<\/div>\n<\/div>\n<\/div>\n<\/div>\n<\/div>\n<\/div>\n<\/div>\n","protected":false},"excerpt":{"rendered":"<p>C\u00e1c th\u01b0\u01a1ng hi\u1ec7u n\u1ed5i b\u1eadt Authkr.com \u0110\u0103ng k\u00fd ngay! \u0110\u1ec3 l\u1ea1i Email \u0111\u1ec3 nh\u1eadn th\u00f4ng tin m\u1edbi nh\u1ea5t t\u1eeb AuthKR Li\u00ean h\u1ec7 \u0110\u1ecba ch\u1ec9: 000 Email: authkr.com@gmail.com \u0110i\u1ec7n tho\u1ea1i: 000000 M\u00e3 s\u1ed1 thu\u1ebf: 000 AuthKr V\u1ec1 ch\u00fang t\u00f4i \u0110\u1ed9i ng\u0169 \u0110\u1ed1i t\u00e1c Tuy\u1ec3n d\u1ee5ng Tin t\u1ee9c H\u1ed7 tr\u1ee3 Li\u00ean h\u1ec7 Gi\u00fap \u0111\u1ee1 v\u00e0 h\u1ed7 tr\u1ee3 [&hellip;]<\/p>\n","protected":false},"author":1,"featured_media":2000,"parent":0,"menu_order":0,"comment_status":"closed","ping_status":"closed","template":"","meta":{"footnotes":""},"class_list":["post-15","page","type-page","status-publish","has-post-thumbnail","hentry"],"_links":{"self":[{"href":"https:\/\/landingpage.authkr.com\/index.php?rest_route=\/wp\/v2\/pages\/15","targetHints":{"allow":["GET"]}}],"collection":[{"href":"https:\/\/landingpage.authkr.com\/index.php?rest_route=\/wp\/v2\/pages"}],"about":[{"href":"https:\/\/landingpage.authkr.com\/index.php?rest_route=\/wp\/v2\/types\/page"}],"author":[{"embeddable":true,"href":"https:\/\/landingpage.authkr.com\/index.php?rest_route=\/wp\/v2\/users\/1"}],"replies":[{"embeddable":true,"href":"https:\/\/landingpage.authkr.com\/index.php?rest_route=%2Fwp%2Fv2%2Fcomments&post=15"}],"version-history":[{"count":342,"href":"https:\/\/landingpage.authkr.com\/index.php?rest_route=\/wp\/v2\/pages\/15\/revisions"}],"predecessor-version":[{"id":2015,"href":"https:\/\/landingpage.authkr.com\/index.php?rest_route=\/wp\/v2\/pages\/15\/revisions\/2015"}],"wp:featuredmedia":[{"embeddable":true,"href":"https:\/\/landingpage.authkr.com\/index.php?rest_route=\/wp\/v2\/media\/2000"}],"wp:attachment":[{"href":"https:\/\/landingpage.authkr.com\/index.php?rest_route=%2Fwp%2Fv2%2Fmedia&parent=15"}],"curies":[{"name":"wp","href":"https:\/\/api.w.org\/{rel}","templated":true}]}}