{"id":47,"date":"2024-08-14T08:36:05","date_gmt":"2024-08-14T08:36:05","guid":{"rendered":"https:\/\/landingpage.authkr.com\/?page_id=47"},"modified":"2025-03-14T12:48:57","modified_gmt":"2025-03-14T05:48:57","slug":"tin-tuc","status":"publish","type":"page","link":"https:\/\/landingpage.authkr.com\/?page_id=47","title":{"rendered":"Tin t\u1ee9c"},"content":{"rendered":"\n<div class=\"wp-block-columns alignwide is-layout-flex wp-container-core-columns-is-layout-1 wp-block-columns-is-layout-flex\">\n<div class=\"wp-block-column is-vertically-aligned-top container-class is-layout-flow wp-block-column-is-layout-flow\">\n<h5 class=\"wp-block-heading has-text-align-left border-bottom has-black-color has-text-color\" style=\"font-size:26px\">TIN T\u1ee8C<\/h5>\n\n\n\n<p class=\"has-text-align-left has-black-color has-text-color\" style=\"font-size:16px\">C\u00e1c th\u00f4ng tin tin t\u1ee9c m\u1edbi v\u1ec1 th\u1ecb tr\u01b0\u1eddng, xu h\u01b0\u1edbng kinh t\u1ebf, xu h\u01b0\u1edbng c\u00f4ng ngh\u1ec7, chuy\u1ec3n \u0111\u1ed5i s\u1ed1 doanh nghi\u1ec7p.<\/p>\n\n\n\n<div style=\"height:25px\" aria-hidden=\"true\" class=\"wp-block-spacer\"><\/div>\n<\/div>\n\n\n\n<div class=\"wp-block-column is-vertically-aligned-center container-class is-layout-flow wp-block-column-is-layout-flow\">\n<div style=\"height:25px\" aria-hidden=\"true\" class=\"wp-block-spacer\"><\/div>\n\n\n\n<figure class=\"wp-block-image size-large img-1-tin-tuc\"><img decoding=\"async\" src=\"https:\/\/landingpage.authkr.com\/wp-content\/uploads\/2025\/02\/eafe548754d8d8079108ee8cc21c3b1d-1024x576.png\" alt=\"\" class=\"wp-image-764\"\/><\/figure>\n<\/div>\n<\/div>\n\n\n\n<div style=\"height:23px\" aria-hidden=\"true\" class=\"wp-block-spacer\"><\/div>\n\n\n\n<div style=\"height:23px\" aria-hidden=\"true\" class=\"wp-block-spacer\"><\/div>\n\n\n\n<div class=\"wp-block-columns alignwide is-layout-flex wp-container-core-columns-is-layout-8 wp-block-columns-is-layout-flex\">\n<div class=\"wp-block-column is-layout-flow wp-block-column-is-layout-flow\" style=\"flex-basis:55%\">\n<h5 class=\"wp-block-heading border-bottom has-black-color has-text-color has-link-color wp-elements-11696995e0a57171824ff7d67a3b02d1\" style=\"font-size:22px\">TIN T\u1ee8C T\u1ed4NG H\u1ee2P<\/h5>\n\n\n\n<div class=\"wp-block-columns is-layout-flex wp-container-core-columns-is-layout-2 wp-block-columns-is-layout-flex\">\n<div class=\"wp-block-column container-img1 is-layout-flow wp-block-column-is-layout-flow\">\n<figure class=\"wp-block-image img-2\"><a href=\"https:\/\/landingpage.authkr.com\/?p=759\"><img decoding=\"async\" src=\"https:\/\/landingpage.authkr.com\/wp-content\/uploads\/2025\/02\/0dd08d119fbe20c36fcfc3f8c51ad341.png\" alt=\"\"\/><\/a><\/figure>\n\n\n\n<h6 class=\"wp-block-heading has-black-color has-text-color has-link-color wp-elements-b7d3c817d2131e151650dfe4aa37d1ef\" style=\"font-size:16px\"><strong><a href=\"https:\/\/landingpage.authkr.com\/?p=759\" data-type=\"post\" data-id=\"759\">L\u1ef1a ch\u1ecdn n\u00e0o \u0111\u1ec3 c\u00e2n b\u1eb1ng&#8230;<\/a><\/strong><\/h6>\n\n\n\n<p style=\"font-size:14px\">L\u1ef1a ch\u1ecdn n\u00e0o \u0111\u1ec3 c\u00e2n b\u1eb1ng gi\u1eefa &#8220;S\u1ed1ng G\u1ea7n Trung T\u00e2m\u201d v\u00e0 &#8220;S\u1ed1ng Ng\u1ed9t Ng\u1ea1t&#8221; ?\u2026 <a style=\"color:#FF9F09; font-weight:bold;\" href=\"https:\/\/landingpage.authkr.com\/?p=759\">Read more<\/a><\/p>\n<\/div>\n\n\n\n<div class=\"wp-block-column container-img1 is-layout-flow wp-block-column-is-layout-flow\">\n<figure class=\"wp-block-image img-2\"><a href=\"https:\/\/landingpage.authkr.com\/?p=759\"><img decoding=\"async\" src=\"https:\/\/landingpage.authkr.com\/wp-content\/uploads\/2025\/02\/0dd08d119fbe20c36fcfc3f8c51ad341.png\" alt=\"\"\/><\/a><\/figure>\n\n\n\n<h6 class=\"wp-block-heading has-black-color has-text-color has-link-color wp-elements-b7d3c817d2131e151650dfe4aa37d1ef\" style=\"font-size:16px\"><strong><a href=\"https:\/\/landingpage.authkr.com\/?p=759\" data-type=\"post\" data-id=\"759\">L\u1ef1a ch\u1ecdn n\u00e0o \u0111\u1ec3 c\u00e2n b\u1eb1ng&#8230;<\/a><\/strong><\/h6>\n\n\n\n<p style=\"font-size:14px\">L\u1ef1a ch\u1ecdn n\u00e0o \u0111\u1ec3 c\u00e2n b\u1eb1ng gi\u1eefa &#8220;S\u1ed1ng G\u1ea7n Trung T\u00e2m\u201d v\u00e0 &#8220;S\u1ed1ng Ng\u1ed9t Ng\u1ea1t&#8221; ?\u2026  <a style=\"color:#FF9F09; font-weight:bold;\" href=\"https:\/\/landingpage.authkr.com\/?p=759\">Read more<\/a><\/p>\n<\/div>\n<\/div>\n\n\n\n<div style=\"height:24px\" aria-hidden=\"true\" class=\"wp-block-spacer\"><\/div>\n\n\n\n<div class=\"wp-block-columns is-layout-flex wp-container-core-columns-is-layout-3 wp-block-columns-is-layout-flex\">\n<div class=\"wp-block-column container-img1 is-layout-flow wp-block-column-is-layout-flow\">\n<figure class=\"wp-block-image img-2\"><a href=\"https:\/\/landingpage.authkr.com\/?p=759\"><img decoding=\"async\" src=\"https:\/\/landingpage.authkr.com\/wp-content\/uploads\/2025\/02\/0dd08d119fbe20c36fcfc3f8c51ad341.png\" alt=\"\"\/><\/a><\/figure>\n\n\n\n<h6 class=\"wp-block-heading has-black-color has-text-color has-link-color wp-elements-b7d3c817d2131e151650dfe4aa37d1ef\" style=\"font-size:16px\"><strong><a href=\"https:\/\/landingpage.authkr.com\/?p=759\" data-type=\"post\" data-id=\"759\">L\u1ef1a ch\u1ecdn n\u00e0o \u0111\u1ec3 c\u00e2n b\u1eb1ng&#8230;<\/a><\/strong><\/h6>\n\n\n\n<p style=\"font-size:14px\">L\u1ef1a ch\u1ecdn n\u00e0o \u0111\u1ec3 c\u00e2n b\u1eb1ng gi\u1eefa &#8220;S\u1ed1ng G\u1ea7n Trung T\u00e2m\u201d v\u00e0 &#8220;S\u1ed1ng Ng\u1ed9t Ng\u1ea1t&#8221; ?\u2026  <a style=\"color:#FF9F09; font-weight:bold;\" href=\"https:\/\/landingpage.authkr.com\/?p=759\">Read more<\/a><\/p>\n<\/div>\n\n\n\n<div class=\"wp-block-column container-img1 is-layout-flow wp-block-column-is-layout-flow\">\n<figure class=\"wp-block-image img-2\"><a href=\"https:\/\/landingpage.authkr.com\/?p=759\"><img decoding=\"async\" src=\"https:\/\/landingpage.authkr.com\/wp-content\/uploads\/2025\/02\/0dd08d119fbe20c36fcfc3f8c51ad341.png\" alt=\"\"\/><\/a><\/figure>\n\n\n\n<h6 class=\"wp-block-heading has-black-color has-text-color has-link-color wp-elements-b7d3c817d2131e151650dfe4aa37d1ef\" style=\"font-size:16px\"><strong><a href=\"https:\/\/landingpage.authkr.com\/?p=759\" data-type=\"post\" data-id=\"759\">L\u1ef1a ch\u1ecdn n\u00e0o \u0111\u1ec3 c\u00e2n b\u1eb1ng&#8230;<\/a><\/strong><\/h6>\n\n\n\n<p style=\"font-size:14px\">L\u1ef1a ch\u1ecdn n\u00e0o \u0111\u1ec3 c\u00e2n b\u1eb1ng gi\u1eefa &#8220;S\u1ed1ng G\u1ea7n Trung T\u00e2m\u201d v\u00e0 &#8220;S\u1ed1ng Ng\u1ed9t Ng\u1ea1t&#8221; ?\u2026  <a style=\"color:#FF9F09; font-weight:bold;\" href=\"https:\/\/landingpage.authkr.com\/?p=759\">Read more<\/a><\/p>\n<\/div>\n<\/div>\n<\/div>\n\n\n\n<div class=\"wp-block-column container is-layout-flow wp-block-column-is-layout-flow\" style=\"flex-basis:50%\">\n<div class=\"wp-block-query is-layout-flow wp-block-query-is-layout-flow\">\n<div class=\"wp-block-group is-layout-constrained wp-block-group-is-layout-constrained\">\n<h5 class=\"wp-block-heading border-bottom has-black-color has-text-color has-link-color wp-elements-41bae787a2155d8032fae69dd0e3514c\" style=\"font-size:22px\">TIN T\u1ee8C N\u1ed4I B\u1eacT<\/h5>\n<\/div>\n\n\n\n<div class=\"wp-block-group is-layout-constrained wp-block-group-is-layout-constrained\">\n<div class=\"wp-block-columns tin-tuc-noi-bat is-layout-flex wp-container-core-columns-is-layout-4 wp-block-columns-is-layout-flex\">\n<div class=\"wp-block-column is-vertically-aligned-top is-layout-flow wp-block-column-is-layout-flow\" style=\"flex-basis:40%\">\n<figure class=\"wp-block-image size-full is-style-default img-1-tin-tuc\"><img loading=\"lazy\" decoding=\"async\" width=\"1024\" height=\"683\" src=\"https:\/\/landingpage.authkr.com\/wp-content\/uploads\/2024\/08\/contact.jpg\" alt=\"\" class=\"wp-image-8\" srcset=\"https:\/\/landingpage.authkr.com\/wp-content\/uploads\/2024\/08\/contact.jpg 1024w, https:\/\/landingpage.authkr.com\/wp-content\/uploads\/2024\/08\/contact-300x200.jpg 300w, https:\/\/landingpage.authkr.com\/wp-content\/uploads\/2024\/08\/contact-768x512.jpg 768w, https:\/\/landingpage.authkr.com\/wp-content\/uploads\/2024\/08\/contact-360x240.jpg 360w\" sizes=\"auto, (max-width: 1024px) 100vw, 1024px\" \/><\/figure>\n<\/div>\n\n\n\n<div class=\"wp-block-column is-vertically-aligned-top is-layout-flow wp-block-column-is-layout-flow\" style=\"flex-basis:60%\">\n<h3 class=\"wp-block-heading m-0 p-0 has-black-color has-text-color has-link-color wp-elements-eb94e8b92c34e657b97d62b40cec9486\" style=\"font-size:12px\"><strong>C\u0103n h\u1ed9 chu\u1ea9n M\u1ef9 s\u1eafp b\u00e0n giao \u201cg\u00e2y s\u1ed1t\u201d ph\u00eda \u0110\u00f4ng H\u00e0 N\u1ed9i<\/strong><\/h3>\n\n\n\n<p class=\"has-black-color has-text-color has-link-color wp-elements-052c3d523e1125750ff363bffb9bc904\" style=\"font-size:12px\">Sau nh\u1eefng b\u01b0\u1edbc ph\u00e1t tri\u1ec3n th\u1ea7n t\u1ed1c c\u1ee7a n\u1ec1n kinh t\u1ebf  m\u1edbi  &#8230;<\/p>\n\n\n\n<p class=\"has-text-color has-link-color wp-elements-72134fc2e118952f4e86bb961da53cea\" style=\"color:#ff9f09;font-size:12px\"><a href=\"https:\/\/landingpage.authkr.com\/?p=759\" data-type=\"post\" data-id=\"759\" style=\"color:#FF9F09; font-weight:bold;\"><strong>Xem th\u00eam<\/strong><\/a><\/p>\n<\/div>\n<\/div>\n<\/div>\n\n\n\n<div class=\"wp-block-group is-layout-constrained wp-block-group-is-layout-constrained\">\n<div class=\"wp-block-columns tin-tuc-noi-bat is-layout-flex wp-container-core-columns-is-layout-5 wp-block-columns-is-layout-flex\">\n<div class=\"wp-block-column is-vertically-aligned-top is-layout-flow wp-block-column-is-layout-flow\" style=\"flex-basis:40%\">\n<figure class=\"wp-block-image size-full is-style-default img-1-tin-tuc\"><img loading=\"lazy\" decoding=\"async\" width=\"800\" height=\"533\" src=\"https:\/\/landingpage.authkr.com\/wp-content\/uploads\/2024\/08\/card-blog1.jpg\" alt=\"\" class=\"wp-image-10\" srcset=\"https:\/\/landingpage.authkr.com\/wp-content\/uploads\/2024\/08\/card-blog1.jpg 800w, https:\/\/landingpage.authkr.com\/wp-content\/uploads\/2024\/08\/card-blog1-300x200.jpg 300w, https:\/\/landingpage.authkr.com\/wp-content\/uploads\/2024\/08\/card-blog1-768x512.jpg 768w, https:\/\/landingpage.authkr.com\/wp-content\/uploads\/2024\/08\/card-blog1-360x240.jpg 360w\" sizes=\"auto, (max-width: 800px) 100vw, 800px\" \/><\/figure>\n<\/div>\n\n\n\n<div class=\"wp-block-column is-vertically-aligned-top is-layout-flow wp-block-column-is-layout-flow\" style=\"flex-basis:60%\">\n<h3 class=\"wp-block-heading m-0 p-0 has-black-color has-text-color has-link-color wp-elements-eb94e8b92c34e657b97d62b40cec9486\" style=\"font-size:12px\"><strong>C\u0103n h\u1ed9 chu\u1ea9n M\u1ef9 s\u1eafp b\u00e0n giao \u201cg\u00e2y s\u1ed1t\u201d ph\u00eda \u0110\u00f4ng H\u00e0 N\u1ed9i<\/strong><\/h3>\n\n\n\n<p class=\"has-black-color has-text-color has-link-color wp-elements-052c3d523e1125750ff363bffb9bc904\" style=\"font-size:12px\">Sau nh\u1eefng b\u01b0\u1edbc ph\u00e1t tri\u1ec3n th\u1ea7n t\u1ed1c c\u1ee7a n\u1ec1n kinh t\u1ebf  m\u1edbi  &#8230;<\/p>\n\n\n\n<p class=\"has-text-color has-link-color wp-elements-72134fc2e118952f4e86bb961da53cea\" style=\"color:#ff9f09;font-size:12px\"><a href=\"https:\/\/landingpage.authkr.com\/?p=759\" data-type=\"post\" data-id=\"759\" style=\"color:#FF9F09; font-weight:bold;\"><strong>Xem th\u00eam<\/strong><\/a><\/p>\n<\/div>\n<\/div>\n<\/div>\n\n\n\n<div class=\"wp-block-group is-layout-constrained wp-block-group-is-layout-constrained\">\n<div class=\"wp-block-columns tin-tuc-noi-bat is-layout-flex wp-container-core-columns-is-layout-6 wp-block-columns-is-layout-flex\">\n<div class=\"wp-block-column is-vertically-aligned-top is-layout-flow wp-block-column-is-layout-flow\" style=\"flex-basis:40%\">\n<figure class=\"wp-block-image size-full is-style-default img-1-tin-tuc\"><img decoding=\"async\" src=\"https:\/\/landingpage.authkr.com\/wp-content\/uploads\/2024\/08\/card-blog4.jpg\" alt=\"\" class=\"wp-image-13\"\/><\/figure>\n<\/div>\n\n\n\n<div class=\"wp-block-column is-vertically-aligned-top is-layout-flow wp-block-column-is-layout-flow\" style=\"flex-basis:60%\">\n<h3 class=\"wp-block-heading m-0 p-0 has-black-color has-text-color has-link-color wp-elements-eb94e8b92c34e657b97d62b40cec9486\" style=\"font-size:12px\"><strong>C\u0103n h\u1ed9 chu\u1ea9n M\u1ef9 s\u1eafp b\u00e0n giao \u201cg\u00e2y s\u1ed1t\u201d ph\u00eda \u0110\u00f4ng H\u00e0 N\u1ed9i<\/strong><\/h3>\n\n\n\n<p class=\"has-black-color has-text-color has-link-color wp-elements-052c3d523e1125750ff363bffb9bc904\" style=\"font-size:12px\">Sau nh\u1eefng b\u01b0\u1edbc ph\u00e1t tri\u1ec3n th\u1ea7n t\u1ed1c c\u1ee7a n\u1ec1n kinh t\u1ebf  m\u1edbi  &#8230;<\/p>\n\n\n\n<p class=\"has-text-color has-link-color wp-elements-72134fc2e118952f4e86bb961da53cea\" style=\"color:#ff9f09;font-size:12px\"><a href=\"https:\/\/landingpage.authkr.com\/?p=759\" data-type=\"post\" data-id=\"759\" style=\"color:#FF9F09; font-weight:bold;\"><strong>Xem th\u00eam<\/strong><\/a><\/p>\n<\/div>\n<\/div>\n<\/div>\n\n\n\n<div class=\"wp-block-group is-layout-constrained wp-block-group-is-layout-constrained\">\n<div class=\"wp-block-columns tin-tuc-noi-bat is-layout-flex wp-container-core-columns-is-layout-7 wp-block-columns-is-layout-flex\">\n<div class=\"wp-block-column is-vertically-aligned-top is-layout-flow wp-block-column-is-layout-flow\" style=\"flex-basis:40%\">\n<figure class=\"wp-block-image size-full is-style-default img-1-tin-tuc\"><img decoding=\"async\" src=\"https:\/\/landingpage.authkr.com\/wp-content\/uploads\/2024\/08\/card-blog5.jpg\" alt=\"\" class=\"wp-image-14\"\/><\/figure>\n<\/div>\n\n\n\n<div class=\"wp-block-column is-vertically-aligned-top is-layout-flow wp-block-column-is-layout-flow\" style=\"flex-basis:60%\">\n<h3 class=\"wp-block-heading m-0 p-0 has-black-color has-text-color has-link-color wp-elements-eb94e8b92c34e657b97d62b40cec9486\" style=\"font-size:12px\"><strong>C\u0103n h\u1ed9 chu\u1ea9n M\u1ef9 s\u1eafp b\u00e0n giao \u201cg\u00e2y s\u1ed1t\u201d ph\u00eda \u0110\u00f4ng H\u00e0 N\u1ed9i<\/strong><\/h3>\n\n\n\n<p class=\"has-black-color has-text-color has-link-color wp-elements-052c3d523e1125750ff363bffb9bc904\" style=\"font-size:12px\">Sau nh\u1eefng b\u01b0\u1edbc ph\u00e1t tri\u1ec3n th\u1ea7n t\u1ed1c c\u1ee7a n\u1ec1n kinh t\u1ebf  m\u1edbi  &#8230;<\/p>\n\n\n\n<p class=\"has-text-color has-link-color wp-elements-72134fc2e118952f4e86bb961da53cea\" style=\"color:#ff9f09;font-size:12px\"><a href=\"https:\/\/landingpage.authkr.com\/?p=759\" data-type=\"post\" data-id=\"759\" style=\"color:#FF9F09; font-weight:bold;\"><strong>Xem th\u00eam<\/strong><\/a><\/p>\n<\/div>\n<\/div>\n<\/div>\n<\/div>\n<\/div>\n<\/div>\n\n\n\n<div style=\"height:72px\" aria-hidden=\"true\" class=\"wp-block-spacer\"><\/div>\n\n\n\n<div class=\"wp-block-columns alignfull footer-custom has-white-color has-black-background-color has-text-color has-background has-link-color wp-elements-f472e28e9666aa1971eacd70ae70f88a is-layout-flex wp-container-core-columns-is-layout-15 wp-block-columns-is-layout-flex\">\n<div class=\"wp-block-column is-layout-flow wp-block-column-is-layout-flow\">\n<div class=\"wp-block-columns container is-layout-flex wp-container-core-columns-is-layout-9 wp-block-columns-is-layout-flex\">\n<div class=\"wp-block-column is-vertically-aligned-center is-layout-flow wp-block-column-is-layout-flow\" style=\"flex-basis:30%\">\n<figure class=\"wp-block-image size-full\"><img loading=\"lazy\" decoding=\"async\" width=\"500\" height=\"500\" src=\"https:\/\/landingpage.authkr.com\/wp-content\/uploads\/2025\/03\/z6403213602658_a8f3cf36a191e21c4da2dce8ebab4eab.jpg\" alt=\"\" class=\"wp-image-2000\" srcset=\"https:\/\/landingpage.authkr.com\/wp-content\/uploads\/2025\/03\/z6403213602658_a8f3cf36a191e21c4da2dce8ebab4eab.jpg 500w, https:\/\/landingpage.authkr.com\/wp-content\/uploads\/2025\/03\/z6403213602658_a8f3cf36a191e21c4da2dce8ebab4eab-300x300.jpg 300w, https:\/\/landingpage.authkr.com\/wp-content\/uploads\/2025\/03\/z6403213602658_a8f3cf36a191e21c4da2dce8ebab4eab-150x150.jpg 150w\" sizes=\"auto, (max-width: 500px) 100vw, 500px\" \/><\/figure>\n\n\n\n<p style=\"font-size:20px\"><strong>AuthKR.com<\/strong><\/p>\n<\/div>\n\n\n\n<div class=\"wp-block-column is-vertically-aligned-center is-layout-flow wp-block-column-is-layout-flow\" style=\"flex-basis:40%\">\n<p class=\"has-text-color has-link-color wp-elements-f4185653829d69af657a3d1bd3110975\" style=\"color:#ff9f09;font-size:25px\"><strong>\u0110\u0103ng k\u00fd ngay!<\/strong><\/p>\n\n\n\n<p class=\"has-white-color has-text-color has-link-color wp-elements-1e345076d3bbca93d5fe85798e1d2830\" style=\"font-size:15px\">\u0110\u1ec3 l\u1ea1i Email \u0111\u1ec3 nh\u1eadn th\u00f4ng tin m\u1edbi nh\u1ea5t t\u1eeb AuthKR<\/p>\n<\/div>\n\n\n\n<div class=\"wp-block-column is-vertically-aligned-center is-layout-flow wp-block-column-is-layout-flow\" style=\"flex-basis:30%\">\n<div style=\"display: grid; grid-template-columns: 1fr 0.1fr; align-items: center; height: 100px; border: 1px solid black;\">\n    <div style=\"display: flex;align-items: center;border-radius: 24px;padding: 8px 12px;margin-top: 14px;margin-right: 8px;height: 50px;background: white;box-shadow: 0px 4px 6px rgba(0, 0, 0, 0.1);\">\n        <svg xmlns=\"http:\/\/www.w3.org\/2000\/svg\" width=\"20\" height=\"20\" viewBox=\"0 0 24 24\" fill=\"none\" stroke=\"gray\" stroke-width=\"2\" stroke-linecap=\"round\" stroke-linejoin=\"round\" style=\"margin-right: 8px;\">\n            <path d=\"M4 4h16c1.1 0 2 .9 2 2v12c0 1.1-.9 2-2 2H4c-1.1 0-2-.9-2-2V6c0-1.1.9-2 2-2z\"><\/path>\n            <polyline points=\"22,6 12,13 2,6\"><\/polyline>\n        <\/svg>\n        <input type=\"email\" placeholder=\"Email\" style=\"border: none; outline: none; font-size: 16px; background: transparent; width: 200px;padding-top:14px\">\n    <\/div>\n    <svg width=\"45\" height=\"45\" viewBox=\"0 0 40 40\" fill=\"none\" xmlns=\"http:\/\/www.w3.org\/2000\/svg\">\n<rect width=\"40\" height=\"40\" rx=\"20\" fill=\"#FF9F09\"\/>\n<path d=\"M27.5 20L28.2071 19.2929L28.9142 20L28.2071 20.7071L27.5 20ZM12.5 21C11.9477 21 11.5 20.5523 11.5 20C11.5 19.4477 11.9477 19 12.5 19V21ZM22.2071 13.2929L28.2071 19.2929L26.7929 20.7071L20.7929 14.7071L22.2071 13.2929ZM28.2071 20.7071L22.2071 26.7071L20.7929 25.2929L26.7929 19.2929L28.2071 20.7071ZM27.5 21H12.5V19H27.5V21Z\" fill=\"white\"\/>\n<\/svg>\n\n<\/div>\n<\/div>\n<\/div>\n\n\n\n<div style=\"height:27px;;margin:auto;border-top:1px solid #fff\" aria-hidden=\"true\" class=\"wp-block-spacer container\"><\/div>\n\n\n\n<div class=\"wp-block-columns container is-layout-flex wp-container-core-columns-is-layout-10 wp-block-columns-is-layout-flex\">\n<div class=\"wp-block-column is-layout-flow wp-block-column-is-layout-flow\" style=\"flex-basis:35%\">\n<p style=\"font-size:18px\"><strong>Li\u00ean h\u1ec7<\/strong><\/p>\n\n\n\n<p style=\"font-size:15px\"><strong>Tr\u1ee5 s\u1edf: <\/strong>H\u00e0 N\u1ed9i, Vietnam<\/p>\n\n\n\n<p style=\"font-size:15px\"><strong>Email: <\/strong><a href=\"mailto:ausunholding@gmail.com\">authkr.com<\/a><a href=\"mailto:ausunholding@gmail.com\">@gmail.com<\/a><\/p>\n\n\n\n<p style=\"font-size:15px\"><strong>\u0110i\u1ec7n tho\u1ea1i: <\/strong>0000<\/p>\n\n\n\n<p style=\"font-size:15px\"><strong>M\u00e3 s\u1ed1 thu\u1ebf:<\/strong> 0000<\/p>\n<\/div>\n\n\n\n<div class=\"wp-block-column is-layout-flow wp-block-column-is-layout-flow\" style=\"flex-basis:20%\">\n<p style=\"font-size:18px\"><strong>AuthKR<\/strong><\/p>\n\n\n\n<p style=\"font-size:15px\">V\u1ec1 ch\u00fang t\u00f4i<\/p>\n\n\n\n<p style=\"font-size:15px\">\u0110\u1ed9i ng\u0169<\/p>\n\n\n\n<p style=\"font-size:15px\">\u0110\u1ed1i t\u00e1c<\/p>\n\n\n\n<p style=\"font-size:15px\">Tuy\u1ec3n d\u1ee5ng<\/p>\n\n\n\n<p style=\"font-size:15px\">Tin t\u1ee9c<\/p>\n<\/div>\n\n\n\n<div class=\"wp-block-column is-layout-flow wp-block-column-is-layout-flow\" style=\"flex-basis:20%\">\n<p style=\"font-size:18px\"><strong>H\u1ed7 tr\u1ee3<\/strong><\/p>\n\n\n\n<p style=\"font-size:15px\">Li\u00ean h\u1ec7<\/p>\n\n\n\n<p style=\"font-size:15px\">Gi\u00fap \u0111\u1ee1 v\u00e0 h\u1ed7 tr\u1ee3<\/p>\n\n\n\n<p style=\"font-size:15px\">D\u00e0nh cho \u0111\u1ed1i t\u00e1c<\/p>\n\n\n\n<p style=\"font-size:15px\">C\u00e1c c\u00e2u h\u1ecfi th\u01b0\u1eddng g\u1eb7p<\/p>\n<\/div>\n\n\n\n<div class=\"wp-block-column is-layout-flow wp-block-column-is-layout-flow\" style=\"flex-basis:15%\">\n<figure class=\"wp-block-image alignright size-full\"><img loading=\"lazy\" decoding=\"async\" width=\"176\" height=\"54\" src=\"https:\/\/uat.ausun.vn\/wp-content\/uploads\/2025\/02\/41af95f9ee99b64f99bcebc0edc9e484.png\" alt=\"\" class=\"wp-image-354\"\/><\/figure>\n<\/div>\n<\/div>\n\n\n\n<div style=\"height:27px;;margin:auto;border-top:1px solid #fff\" aria-hidden=\"true\" class=\"wp-block-spacer container\"><\/div>\n\n\n\n<div class=\"wp-block-columns container is-layout-flex wp-container-core-columns-is-layout-14 wp-block-columns-is-layout-flex\">\n<div class=\"wp-block-column is-layout-flow wp-block-column-is-layout-flow\" style=\"flex-basis:35%\">\n<p class=\"has-text-align-left has-white-color has-text-color\" style=\"font-size:14px\">Copyright \u00a9 2021 AuthKR. All Rights Reserved.<\/p>\n<\/div>\n\n\n\n<div class=\"wp-block-column is-layout-flow wp-block-column-is-layout-flow\" style=\"flex-basis:60%\">\n<div class=\"wp-block-columns is-layout-flex wp-container-core-columns-is-layout-13 wp-block-columns-is-layout-flex\">\n<div class=\"wp-block-column is-layout-flow wp-block-column-is-layout-flow\" style=\"flex-basis:66.66%\">\n<div class=\"wp-block-columns is-layout-flex wp-container-core-columns-is-layout-11 wp-block-columns-is-layout-flex\">\n<div class=\"wp-block-column is-vertically-aligned-center is-layout-flow wp-block-column-is-layout-flow\">\n<p class=\"has-white-color has-text-color has-link-color wp-elements-4ae5cf88b9335d982d6a3497ee5538ca\" style=\"font-size:12px\">\u0110i\u1ec1u kho\u1ea3n d\u1ecbch v\u1ee5<\/p>\n<\/div>\n\n\n\n<div class=\"wp-block-column is-vertically-aligned-center is-layout-flow wp-block-column-is-layout-flow\">\n<p class=\"has-white-color has-text-color has-link-color wp-elements-8d4272329a46620cb413653ae0a51896\" style=\"font-size:12px\">Ch\u00ednh s\u00e1ch b\u1ea3o m\u1eadt<\/p>\n<\/div>\n\n\n\n<div class=\"wp-block-column is-vertically-aligned-center is-layout-flow wp-block-column-is-layout-flow\">\n<p class=\"has-white-color has-text-color has-link-color wp-elements-c6ed88f050c77927e0c3445a04968e8c\" style=\"font-size:12px\">Google Data Studio<\/p>\n<\/div>\n<\/div>\n<\/div>\n\n\n\n<div class=\"wp-block-column is-layout-flow wp-block-column-is-layout-flow\" style=\"flex-basis:30%\">\n<div class=\"wp-block-columns container-icon-footer is-layout-flex wp-container-core-columns-is-layout-12 wp-block-columns-is-layout-flex\">\n<div class=\"wp-block-column is-vertically-aligned-top is-layout-flow wp-block-column-is-layout-flow\">\n<figure class=\"wp-block-image aligncenter size-full is-resized img-icon-footer\"><img decoding=\"async\" src=\"https:\/\/uat.ausun.vn\/wp-content\/uploads\/2025\/02\/linkin.png\" alt=\"\" class=\"wp-image-1334\" style=\"width:22px\" title=\"\"\/><\/figure>\n<\/div>\n\n\n\n<div class=\"wp-block-column is-vertically-aligned-top is-layout-flow wp-block-column-is-layout-flow\">\n<figure class=\"wp-block-image aligncenter size-full is-resized\"><img decoding=\"async\" src=\"https:\/\/uat.ausun.vn\/wp-content\/uploads\/2025\/02\/fb.png\" alt=\"\" class=\"wp-image-1333\" style=\"width:22px\"\/><\/figure>\n<\/div>\n\n\n\n<div class=\"wp-block-column is-vertically-aligned-top is-layout-flow wp-block-column-is-layout-flow\">\n<figure class=\"wp-block-image aligncenter size-full is-resized\"><img decoding=\"async\" src=\"https:\/\/uat.ausun.vn\/wp-content\/uploads\/2025\/02\/youtube.png\" alt=\"\" class=\"wp-image-1336\" style=\"width:22px\"\/><\/figure>\n<\/div>\n\n\n\n<div class=\"wp-block-column is-vertically-aligned-top is-layout-flow wp-block-column-is-layout-flow\">\n<figure class=\"wp-block-image aligncenter size-full is-resized\"><img decoding=\"async\" src=\"https:\/\/uat.ausun.vn\/wp-content\/uploads\/2025\/02\/tiktok.png\" alt=\"\" class=\"wp-image-1335\" style=\"width:22px\"\/><\/figure>\n<\/div>\n<\/div>\n<\/div>\n<\/div>\n<\/div>\n<\/div>\n<\/div>\n<\/div>\n","protected":false},"excerpt":{"rendered":"<p>TIN T\u1ee8C C\u00e1c th\u00f4ng tin tin t\u1ee9c m\u1edbi v\u1ec1 th\u1ecb tr\u01b0\u1eddng, xu h\u01b0\u1edbng kinh t\u1ebf, xu h\u01b0\u1edbng c\u00f4ng ngh\u1ec7, chuy\u1ec3n \u0111\u1ed5i s\u1ed1 doanh nghi\u1ec7p. TIN T\u1ee8C T\u1ed4NG H\u1ee2P L\u1ef1a ch\u1ecdn n\u00e0o \u0111\u1ec3 c\u00e2n b\u1eb1ng&#8230; L\u1ef1a ch\u1ecdn n\u00e0o \u0111\u1ec3 c\u00e2n b\u1eb1ng gi\u1eefa &#8220;S\u1ed1ng G\u1ea7n Trung T\u00e2m\u201d v\u00e0 &#8220;S\u1ed1ng Ng\u1ed9t Ng\u1ea1t&#8221; ?\u2026 Read more L\u1ef1a ch\u1ecdn n\u00e0o [&hellip;]<\/p>\n","protected":false},"author":1,"featured_media":0,"parent":0,"menu_order":0,"comment_status":"closed","ping_status":"closed","template":"","meta":{"footnotes":""},"class_list":["post-47","page","type-page","status-publish","hentry"],"_links":{"self":[{"href":"https:\/\/landingpage.authkr.com\/index.php?rest_route=\/wp\/v2\/pages\/47","targetHints":{"allow":["GET"]}}],"collection":[{"href":"https:\/\/landingpage.authkr.com\/index.php?rest_route=\/wp\/v2\/pages"}],"about":[{"href":"https:\/\/landingpage.authkr.com\/index.php?rest_route=\/wp\/v2\/types\/page"}],"author":[{"embeddable":true,"href":"https:\/\/landingpage.authkr.com\/index.php?rest_route=\/wp\/v2\/users\/1"}],"replies":[{"embeddable":true,"href":"https:\/\/landingpage.authkr.com\/index.php?rest_route=%2Fwp%2Fv2%2Fcomments&post=47"}],"version-history":[{"count":167,"href":"https:\/\/landingpage.authkr.com\/index.php?rest_route=\/wp\/v2\/pages\/47\/revisions"}],"predecessor-version":[{"id":2023,"href":"https:\/\/landingpage.authkr.com\/index.php?rest_route=\/wp\/v2\/pages\/47\/revisions\/2023"}],"wp:attachment":[{"href":"https:\/\/landingpage.authkr.com\/index.php?rest_route=%2Fwp%2Fv2%2Fmedia&parent=47"}],"curies":[{"name":"wp","href":"https:\/\/api.w.org\/{rel}","templated":true}]}}